{"id":1660,"date":"2024-08-30T11:43:06","date_gmt":"2024-08-30T09:43:06","guid":{"rendered":"http:\/\/apgaz2.aircycle.pl\/?post_type=product&#038;p=1660"},"modified":"2024-08-30T11:43:12","modified_gmt":"2024-08-30T09:43:12","slug":"uslugi-ur","status":"publish","type":"product","link":"https:\/\/apgaz.pl\/pl\/oferta\/uslugi-ur\/","title":{"rendered":"Us\u0142ugi UR"},"content":{"rendered":"<ul>\n<li>Us\u0142ugi utrzymania ruchu Suchy Las<\/li>\n<li>Us\u0142ugi utrzymania ruchu Pozna\u0144<\/li>\n<li>Diagnostyka, naprawy, zamawianie cz\u0119\u015bci, pomiary, ksi\u0105\u017cki serwisowe, instrukcje dla maszyn w niewielkich zak\u0142adach produkcyjnych w okolicy Poznania.<\/li>\n<li>Automatyka, Elektryka, Mechanika, Spawanie<\/li>\n<\/ul>\n","protected":false},"excerpt":{"rendered":"<ul>\n<li>Us\u0142ugi utrzymania ruchu Suchy Las<\/li>\n<li>Us\u0142ugi utrzymania ruchu Pozna\u0144<\/li>\n<li>Diagnostyka, naprawy, zamawianie cz\u0119\u015bci, pomiary, ksi\u0105\u017cki serwisowe, instrukcje dla maszyn w niewielkich zak\u0142adach produkcyjnych w okolicy Poznania.<\/li>\n<li>Automatyka, Elektryka, Mechanika, Spawanie<\/li>\n<\/ul>\n","protected":false},"featured_media":0,"template":"","meta":{"_kadence_starter_templates_imported_post":false,"_kad_post_transparent":"default","_kad_post_title":"","_kad_post_layout":"default","_kad_post_sidebar_id":"","_kad_post_content_style":"default","_kad_post_vertical_padding":"default","_kad_post_feature":"","_kad_post_feature_position":"","_kad_post_header":false,"_kad_post_footer":false},"product_brand":[],"product_cat":[30],"product_tag":[],"class_list":{"0":"post-1660","1":"product","2":"type-product","3":"status-publish","5":"product_cat-schweisen","7":"first","8":"instock","9":"shipping-taxable","10":"purchasable","11":"product-type-simple","12":"entry","13":"content-bg","14":"loop-entry"},"jetpack-related-posts":[],"jetpack_sharing_enabled":true,"_links":{"self":[{"href":"https:\/\/apgaz.pl\/pl\/wp-json\/wp\/v2\/product\/1660","targetHints":{"allow":["GET"]}}],"collection":[{"href":"https:\/\/apgaz.pl\/pl\/wp-json\/wp\/v2\/product"}],"about":[{"href":"https:\/\/apgaz.pl\/pl\/wp-json\/wp\/v2\/types\/product"}],"wp:attachment":[{"href":"https:\/\/apgaz.pl\/pl\/wp-json\/wp\/v2\/media?parent=1660"}],"wp:term":[{"taxonomy":"product_brand","embeddable":true,"href":"https:\/\/apgaz.pl\/pl\/wp-json\/wp\/v2\/product_brand?post=1660"},{"taxonomy":"product_cat","embeddable":true,"href":"https:\/\/apgaz.pl\/pl\/wp-json\/wp\/v2\/product_cat?post=1660"},{"taxonomy":"product_tag","embeddable":true,"href":"https:\/\/apgaz.pl\/pl\/wp-json\/wp\/v2\/product_tag?post=1660"}],"curies":[{"name":"wp","href":"https:\/\/api.w.org\/{rel}","templated":true}]}}