{"id":1656,"date":"2024-08-30T11:17:54","date_gmt":"2024-08-30T09:17:54","guid":{"rendered":"http:\/\/apgaz2.aircycle.pl\/?post_type=product&#038;p=1656"},"modified":"2024-08-30T11:20:38","modified_gmt":"2024-08-30T09:20:38","slug":"obliczenia-numeryczne-cfd-przeplywy-spalanie","status":"publish","type":"product","link":"https:\/\/apgaz.pl\/pl\/oferta\/obliczenia-numeryczne-cfd-przeplywy-spalanie\/","title":{"rendered":"Obliczenia numeryczne CFD, Przep\u0142ywy, Spalanie"},"content":{"rendered":"<ul>\n<li>Obliczenia numeryczne CFD<\/li>\n<li>Obliczenia przep\u0142yw\u00f3w<\/li>\n<li>Obliczenia spalania<\/li>\n<li>Obliczenia komin\u00f3w<\/li>\n<li>Obliczenia piec\u00f3w<\/li>\n<li>Obliczenia rekuperator\u00f3w<\/li>\n<li>Obliczenia kana\u0142\u00f3w wentylacyjnych, odci\u0105gowych<\/li>\n<li>Obliczenia wymiany ciep\u0142a<\/li>\n<li>Raporty teoretyczne do audyt\u00f3w energetycznych<\/li>\n<\/ul>\n","protected":false},"excerpt":{"rendered":"<ul>\n<li>Obliczenia numeryczne CFD<\/li>\n<li>Obliczenia przep\u0142yw\u00f3w<\/li>\n<li>Obliczenia spalania<\/li>\n<li>Obliczenia komin\u00f3w<\/li>\n<li>Obliczenia piec\u00f3w<\/li>\n<li>Obliczenia rekuperator\u00f3w<\/li>\n<li>Obliczenia kana\u0142\u00f3w wentylacyjnych, odci\u0105gowych<\/li>\n<li>Obliczenia wymiany ciep\u0142a<\/li>\n<li>Raporty teoretyczne do audyt\u00f3w energetycznych<\/li>\n<\/ul>\n","protected":false},"featured_media":0,"template":"","meta":{"_kadence_starter_templates_imported_post":false,"_kad_post_transparent":"default","_kad_post_title":"","_kad_post_layout":"default","_kad_post_sidebar_id":"","_kad_post_content_style":"default","_kad_post_vertical_padding":"default","_kad_post_feature":"","_kad_post_feature_position":"","_kad_post_header":false,"_kad_post_footer":false},"product_brand":[],"product_cat":[29,30],"product_tag":[36,37],"class_list":{"0":"post-1656","1":"product","2":"type-product","3":"status-publish","5":"product_cat-rd","6":"product_cat-schweisen","7":"product_tag-cfd","8":"product_tag-obliczenia-przeplywow","10":"first","11":"instock","12":"virtual","13":"purchasable","14":"product-type-simple","15":"entry","16":"content-bg","17":"loop-entry"},"jetpack-related-posts":[],"jetpack_sharing_enabled":true,"_links":{"self":[{"href":"https:\/\/apgaz.pl\/pl\/wp-json\/wp\/v2\/product\/1656","targetHints":{"allow":["GET"]}}],"collection":[{"href":"https:\/\/apgaz.pl\/pl\/wp-json\/wp\/v2\/product"}],"about":[{"href":"https:\/\/apgaz.pl\/pl\/wp-json\/wp\/v2\/types\/product"}],"wp:attachment":[{"href":"https:\/\/apgaz.pl\/pl\/wp-json\/wp\/v2\/media?parent=1656"}],"wp:term":[{"taxonomy":"product_brand","embeddable":true,"href":"https:\/\/apgaz.pl\/pl\/wp-json\/wp\/v2\/product_brand?post=1656"},{"taxonomy":"product_cat","embeddable":true,"href":"https:\/\/apgaz.pl\/pl\/wp-json\/wp\/v2\/product_cat?post=1656"},{"taxonomy":"product_tag","embeddable":true,"href":"https:\/\/apgaz.pl\/pl\/wp-json\/wp\/v2\/product_tag?post=1656"}],"curies":[{"name":"wp","href":"https:\/\/api.w.org\/{rel}","templated":true}]}}