{"id":1731,"date":"2024-09-05T10:45:38","date_gmt":"2024-09-05T08:45:38","guid":{"rendered":"https:\/\/apgaz.pl\/?post_type=product&#038;p=1731"},"modified":"2025-04-22T11:43:50","modified_gmt":"2025-04-22T09:43:50","slug":"wymiana-zuzytych-palnikow-piecow-szuszarek-pochodni","status":"publish","type":"product","link":"https:\/\/apgaz.pl\/es\/oferta\/wymiana-zuzytych-palnikow-piecow-szuszarek-pochodni\/","title":{"rendered":"Wymiana zu\u017cytych Palnik\u00f3w piec\u00f3w, suszarek, pochodni, dopalaczy"},"content":{"rendered":"","protected":false},"excerpt":{"rendered":"","protected":false},"featured_media":0,"template":"","meta":{"_kadence_starter_templates_imported_post":false,"_kad_post_transparent":"default","_kad_post_title":"","_kad_post_layout":"default","_kad_post_sidebar_id":"","_kad_post_content_style":"default","_kad_post_vertical_padding":"default","_kad_post_feature":"","_kad_post_feature_position":"","_kad_post_header":false,"_kad_post_footer":false},"product_brand":[],"product_cat":[30,28],"product_tag":[],"class_list":{"0":"post-1731","1":"product","2":"type-product","3":"status-publish","5":"product_cat-schweisen","6":"product_cat-serwis_palnikow_gazowych","8":"first","9":"instock","10":"virtual","11":"purchasable","12":"product-type-simple","13":"entry","14":"content-bg","15":"loop-entry"},"jetpack-related-posts":[],"jetpack_sharing_enabled":true,"_links":{"self":[{"href":"https:\/\/apgaz.pl\/es\/wp-json\/wp\/v2\/product\/1731","targetHints":{"allow":["GET"]}}],"collection":[{"href":"https:\/\/apgaz.pl\/es\/wp-json\/wp\/v2\/product"}],"about":[{"href":"https:\/\/apgaz.pl\/es\/wp-json\/wp\/v2\/types\/product"}],"wp:attachment":[{"href":"https:\/\/apgaz.pl\/es\/wp-json\/wp\/v2\/media?parent=1731"}],"wp:term":[{"taxonomy":"product_brand","embeddable":true,"href":"https:\/\/apgaz.pl\/es\/wp-json\/wp\/v2\/product_brand?post=1731"},{"taxonomy":"product_cat","embeddable":true,"href":"https:\/\/apgaz.pl\/es\/wp-json\/wp\/v2\/product_cat?post=1731"},{"taxonomy":"product_tag","embeddable":true,"href":"https:\/\/apgaz.pl\/es\/wp-json\/wp\/v2\/product_tag?post=1731"}],"curies":[{"name":"wp","href":"https:\/\/api.w.org\/{rel}","templated":true}]}}