{"id":1726,"date":"2024-09-04T14:38:18","date_gmt":"2024-09-04T12:38:18","guid":{"rendered":"https:\/\/apgaz.pl\/?post_type=product&#038;p=1726"},"modified":"2024-09-04T14:42:58","modified_gmt":"2024-09-04T12:42:58","slug":"palniki-do-grzania-kadzi-posrednich","status":"publish","type":"product","link":"https:\/\/apgaz.pl\/es\/oferta\/palniki-do-grzania-kadzi-posrednich\/","title":{"rendered":"Palniki do grzania kadzi po\u015brednich"},"content":{"rendered":"<p>Palnik do kosza filtracyjnego, Palnik do kadzi b\u0119bnowej, Palnik do uk\u0142adu syfonu.<\/p>\n","protected":false},"excerpt":{"rendered":"<p>Palnik do kosza filtracyjnego, Palnik do kadzi b\u0119bnowej, Palnik do uk\u0142adu syfonu.<\/p>\n","protected":false},"featured_media":0,"template":"","meta":{"_kadence_starter_templates_imported_post":false,"_kad_post_transparent":"default","_kad_post_title":"","_kad_post_layout":"default","_kad_post_sidebar_id":"","_kad_post_content_style":"default","_kad_post_vertical_padding":"default","_kad_post_feature":"","_kad_post_feature_position":"","_kad_post_header":false,"_kad_post_footer":false},"product_brand":[],"product_cat":[23,58],"product_tag":[],"class_list":{"0":"post-1726","1":"product","2":"type-product","3":"status-publish","5":"product_cat-przemyslowe_palniki_gazowe","6":"product_cat-palniki_dla_odlewni","8":"first","9":"instock","10":"virtual","11":"purchasable","12":"product-type-simple","13":"entry","14":"content-bg","15":"loop-entry"},"jetpack-related-posts":[],"jetpack_sharing_enabled":true,"_links":{"self":[{"href":"https:\/\/apgaz.pl\/es\/wp-json\/wp\/v2\/product\/1726","targetHints":{"allow":["GET"]}}],"collection":[{"href":"https:\/\/apgaz.pl\/es\/wp-json\/wp\/v2\/product"}],"about":[{"href":"https:\/\/apgaz.pl\/es\/wp-json\/wp\/v2\/types\/product"}],"wp:attachment":[{"href":"https:\/\/apgaz.pl\/es\/wp-json\/wp\/v2\/media?parent=1726"}],"wp:term":[{"taxonomy":"product_brand","embeddable":true,"href":"https:\/\/apgaz.pl\/es\/wp-json\/wp\/v2\/product_brand?post=1726"},{"taxonomy":"product_cat","embeddable":true,"href":"https:\/\/apgaz.pl\/es\/wp-json\/wp\/v2\/product_cat?post=1726"},{"taxonomy":"product_tag","embeddable":true,"href":"https:\/\/apgaz.pl\/es\/wp-json\/wp\/v2\/product_tag?post=1726"}],"curies":[{"name":"wp","href":"https:\/\/api.w.org\/{rel}","templated":true}]}}