{"id":1659,"date":"2024-08-30T11:38:05","date_gmt":"2024-08-30T09:38:05","guid":{"rendered":"http:\/\/apgaz2.aircycle.pl\/?post_type=product&#038;p=1659"},"modified":"2024-08-30T11:38:05","modified_gmt":"2024-08-30T09:38:05","slug":"kooperacja-w-projektach-badawczych-br","status":"publish","type":"product","link":"https:\/\/apgaz.pl\/es\/oferta\/kooperacja-w-projektach-badawczych-br\/","title":{"rendered":"Kooperacja w projektach badawczych B+R"},"content":{"rendered":"<ul>\n<li>Pod wykonawstwo w projektach badawczych\n<ul>\n<li>Obliczenia numeryczne, Ansys, Cantera\n<ul>\n<li>Obliczenia przep\u0142yw\u00f3w<\/li>\n<li>Obliczenia cieplne<\/li>\n<\/ul>\n<\/li>\n<li>Przeprowadzanie pomiar\u00f3w spalania<\/li>\n<\/ul>\n<\/li>\n<li>Projektowanie cz\u0119\u015bci pod stanowiska badawcze<\/li>\n<li>Wyszukiwanie i ofertowanie cz\u0119\u015bci do prototyp\u00f3w<\/li>\n<\/ul>\n<p>&nbsp;<\/p>\n","protected":false},"excerpt":{"rendered":"<ul>\n<li>Pod wykonawstwo w projektach badawczych\n<ul>\n<li>Obliczenia numeryczne, Ansys, Cantera\n<ul>\n<li>Obliczenia przep\u0142yw\u00f3w<\/li>\n<li>Obliczenia cieplne<\/li>\n<\/ul>\n<\/li>\n<li>Przeprowadzanie pomiar\u00f3w spalania<\/li>\n<\/ul>\n<\/li>\n<li>Projektowanie cz\u0119\u015bci pod stanowiska badawcze<\/li>\n<li>Wyszukiwanie i ofertowanie cz\u0119\u015bci do prototyp\u00f3w<\/li>\n<\/ul>\n","protected":false},"featured_media":0,"template":"","meta":{"_kadence_starter_templates_imported_post":false,"_kad_post_transparent":"default","_kad_post_title":"","_kad_post_layout":"default","_kad_post_sidebar_id":"","_kad_post_content_style":"default","_kad_post_vertical_padding":"default","_kad_post_feature":"","_kad_post_feature_position":"","_kad_post_header":false,"_kad_post_footer":false},"product_brand":[],"product_cat":[29],"product_tag":[],"class_list":{"0":"post-1659","1":"product","2":"type-product","3":"status-publish","5":"product_cat-rd","7":"first","8":"instock","9":"virtual","10":"purchasable","11":"product-type-simple","12":"entry","13":"content-bg","14":"loop-entry"},"jetpack-related-posts":[],"jetpack_sharing_enabled":true,"_links":{"self":[{"href":"https:\/\/apgaz.pl\/es\/wp-json\/wp\/v2\/product\/1659","targetHints":{"allow":["GET"]}}],"collection":[{"href":"https:\/\/apgaz.pl\/es\/wp-json\/wp\/v2\/product"}],"about":[{"href":"https:\/\/apgaz.pl\/es\/wp-json\/wp\/v2\/types\/product"}],"wp:attachment":[{"href":"https:\/\/apgaz.pl\/es\/wp-json\/wp\/v2\/media?parent=1659"}],"wp:term":[{"taxonomy":"product_brand","embeddable":true,"href":"https:\/\/apgaz.pl\/es\/wp-json\/wp\/v2\/product_brand?post=1659"},{"taxonomy":"product_cat","embeddable":true,"href":"https:\/\/apgaz.pl\/es\/wp-json\/wp\/v2\/product_cat?post=1659"},{"taxonomy":"product_tag","embeddable":true,"href":"https:\/\/apgaz.pl\/es\/wp-json\/wp\/v2\/product_tag?post=1659"}],"curies":[{"name":"wp","href":"https:\/\/api.w.org\/{rel}","templated":true}]}}