{"id":1657,"date":"2024-08-30T11:25:51","date_gmt":"2024-08-30T09:25:51","guid":{"rendered":"http:\/\/apgaz2.aircycle.pl\/?post_type=product&#038;p=1657"},"modified":"2024-08-30T11:25:51","modified_gmt":"2024-08-30T09:25:51","slug":"projektowanie-wykonanie-i-montaz-czesci-maszyn","status":"publish","type":"product","link":"https:\/\/apgaz.pl\/es\/oferta\/projektowanie-wykonanie-i-montaz-czesci-maszyn\/","title":{"rendered":"Projektowanie, wykonanie i monta\u017c cz\u0119\u015bci maszyn"},"content":{"rendered":"<ul>\n<li>Os\u0142ony<\/li>\n<li>Izolacje<\/li>\n<li>Okolice Poznania<\/li>\n<li>Ekrany termiczne<\/li>\n<li>Tworzenie dokumentacji 3D<\/li>\n<li>Prototypowanie cz\u0119\u015bci<\/li>\n<\/ul>\n","protected":false},"excerpt":{"rendered":"<ul>\n<li>Os\u0142ony<\/li>\n<li>Izolacje<\/li>\n<li>Okolice Poznania<\/li>\n<li>Ekrany termiczne<\/li>\n<li>Tworzenie dokumentacji 3D<\/li>\n<li>Prototypowanie cz\u0119\u015bci<\/li>\n<\/ul>\n","protected":false},"featured_media":0,"template":"","meta":{"_kadence_starter_templates_imported_post":false,"_kad_post_transparent":"default","_kad_post_title":"","_kad_post_layout":"default","_kad_post_sidebar_id":"","_kad_post_content_style":"default","_kad_post_vertical_padding":"default","_kad_post_feature":"","_kad_post_feature_position":"","_kad_post_header":false,"_kad_post_footer":false},"product_brand":[],"product_cat":[30],"product_tag":[],"class_list":{"0":"post-1657","1":"product","2":"type-product","3":"status-publish","5":"product_cat-schweisen","7":"first","8":"instock","9":"virtual","10":"purchasable","11":"product-type-simple","12":"entry","13":"content-bg","14":"loop-entry"},"jetpack-related-posts":[],"jetpack_sharing_enabled":true,"_links":{"self":[{"href":"https:\/\/apgaz.pl\/es\/wp-json\/wp\/v2\/product\/1657","targetHints":{"allow":["GET"]}}],"collection":[{"href":"https:\/\/apgaz.pl\/es\/wp-json\/wp\/v2\/product"}],"about":[{"href":"https:\/\/apgaz.pl\/es\/wp-json\/wp\/v2\/types\/product"}],"wp:attachment":[{"href":"https:\/\/apgaz.pl\/es\/wp-json\/wp\/v2\/media?parent=1657"}],"wp:term":[{"taxonomy":"product_brand","embeddable":true,"href":"https:\/\/apgaz.pl\/es\/wp-json\/wp\/v2\/product_brand?post=1657"},{"taxonomy":"product_cat","embeddable":true,"href":"https:\/\/apgaz.pl\/es\/wp-json\/wp\/v2\/product_cat?post=1657"},{"taxonomy":"product_tag","embeddable":true,"href":"https:\/\/apgaz.pl\/es\/wp-json\/wp\/v2\/product_tag?post=1657"}],"curies":[{"name":"wp","href":"https:\/\/api.w.org\/{rel}","templated":true}]}}