{"id":1655,"date":"2024-08-30T11:12:46","date_gmt":"2024-08-30T09:12:46","guid":{"rendered":"http:\/\/apgaz2.aircycle.pl\/?post_type=product&#038;p=1655"},"modified":"2024-08-30T11:12:46","modified_gmt":"2024-08-30T09:12:46","slug":"czesci-zamienne-do-przemyslowych-palnikow-gazowych","status":"publish","type":"product","link":"https:\/\/apgaz.pl\/es\/oferta\/czesci-zamienne-do-przemyslowych-palnikow-gazowych\/","title":{"rendered":"Cz\u0119\u015bci zamienne do przemys\u0142owych palnik\u00f3w gazowych"},"content":{"rendered":"<ul>\n<li>Sprzeda\u017c cz\u0119\u015bci zamiennych do planik\u00f3w AP-GAZ i APAG<\/li>\n<li>Dob\u00f3r i redystrybucja cz\u0119\u015bci zamiennych do przemys\u0142owych palnik\u00f3w gazowych<\/li>\n<\/ul>\n","protected":false},"excerpt":{"rendered":"<ul>\n<li>Sprzeda\u017c cz\u0119\u015bci zamiennych do planik\u00f3w AP-GAZ i APAG<\/li>\n<li>Dob\u00f3r i redystrybucja cz\u0119\u015bci zamiennych do przemys\u0142owych palnik\u00f3w gazowych<\/li>\n<\/ul>\n","protected":false},"featured_media":0,"template":"","meta":{"_kadence_starter_templates_imported_post":false,"_kad_post_transparent":"default","_kad_post_title":"","_kad_post_layout":"default","_kad_post_sidebar_id":"","_kad_post_content_style":"default","_kad_post_vertical_padding":"default","_kad_post_feature":"","_kad_post_feature_position":"","_kad_post_header":false,"_kad_post_footer":false},"product_brand":[],"product_cat":[28,31],"product_tag":[35],"class_list":{"0":"post-1655","1":"product","2":"type-product","3":"status-publish","5":"product_cat-serwis_palnikow_gazowych","6":"product_cat-izolacje","7":"product_tag-palniki-przemyslowe","9":"first","10":"instock","11":"virtual","12":"purchasable","13":"product-type-simple","14":"entry","15":"content-bg","16":"loop-entry"},"jetpack-related-posts":[],"jetpack_sharing_enabled":true,"_links":{"self":[{"href":"https:\/\/apgaz.pl\/es\/wp-json\/wp\/v2\/product\/1655","targetHints":{"allow":["GET"]}}],"collection":[{"href":"https:\/\/apgaz.pl\/es\/wp-json\/wp\/v2\/product"}],"about":[{"href":"https:\/\/apgaz.pl\/es\/wp-json\/wp\/v2\/types\/product"}],"wp:attachment":[{"href":"https:\/\/apgaz.pl\/es\/wp-json\/wp\/v2\/media?parent=1655"}],"wp:term":[{"taxonomy":"product_brand","embeddable":true,"href":"https:\/\/apgaz.pl\/es\/wp-json\/wp\/v2\/product_brand?post=1655"},{"taxonomy":"product_cat","embeddable":true,"href":"https:\/\/apgaz.pl\/es\/wp-json\/wp\/v2\/product_cat?post=1655"},{"taxonomy":"product_tag","embeddable":true,"href":"https:\/\/apgaz.pl\/es\/wp-json\/wp\/v2\/product_tag?post=1655"}],"curies":[{"name":"wp","href":"https:\/\/api.w.org\/{rel}","templated":true}]}}