{"id":1582,"date":"2024-08-22T18:33:42","date_gmt":"2024-08-22T16:33:42","guid":{"rendered":"http:\/\/apgaz2.aircycle.pl\/?page_id=1582"},"modified":"2024-08-23T12:51:43","modified_gmt":"2024-08-23T10:51:43","slug":"publikacje","status":"publish","type":"page","link":"https:\/\/apgaz.pl\/es\/publikacje\/","title":{"rendered":"Publikacje"},"content":{"rendered":"<style>.wp-block-kadence-spacer.kt-block-spacer-1582_eb0328-d2 .kt-block-spacer{height:20px;}.wp-block-kadence-spacer.kt-block-spacer-1582_eb0328-d2 .kt-divider{border-top-width:1px;height:1px;border-top-color:#eee;width:80%;border-top-style:solid;}<\/style>\n<div class=\"wp-block-kadence-spacer aligncenter kt-block-spacer-1582_eb0328-d2\"><div class=\"kt-block-spacer kt-block-spacer-halign-center\"><hr class=\"kt-divider\"\/><\/div><\/div>\n\n\n<style>.kb-posts-id-1582_20a8b8-19 .kb-post-list-item{display:grid;}<\/style><ul class=\"wp-block-kadence-posts kb-posts kadence-posts-list kb-posts-id-1582_20a8b8-19 content-wrap grid-cols kb-posts-style-boxed grid-sm-col-2 grid-lg-col-2 item-image-style-above\"><li class=\"kb-post-list-item\">\n\t<article class=\"entry content-bg loop-entry post-1786 post type-post status-publish format-standard hentry category-informacje-o-palnikach tag-suszenie-betonow tag-wygrzewanie-wymurowki\">\n\t\t\t\t<div class=\"entry-content-wrap\">\n\t\t\t<header class=\"entry-header\">\n\t\t<div class=\"entry-taxonomies\">\n\t\t<span class=\"category-links term-links category-style-pill\">\n\t\t\t<a href=\"https:\/\/apgaz.pl\/es\/category\/informacje-o-palnikach\/\" class=\"category-link-informacje-o-palnikach\" rel=\"tag\">Informacje o palnikach<\/a>\t\t<\/span>\n\t<\/div><!-- .entry-taxonomies -->\n\t<h2 class=\"entry-title\"><a href=\"https:\/\/apgaz.pl\/es\/elementor-1786\/\" rel=\"bookmark\">Wygrzewanie i suszenie beton\u00f3w<\/a><\/h2>\t<div class=\"entry-meta entry-meta-divider-dot\">\n\t\t\t\t<span class=\"posted-on\">\n\t\t\t\t<time class=\"entry-date published\" datetime=\"2025-04-22T11:04:44+02:00\">22\/04\/2025<\/time><time class=\"updated\" datetime=\"2025-04-22T11:39:32+02:00\">22\/04\/2025<\/time>\t\t\t<\/span>\n\t\t\t\t<\/div><!-- .entry-meta -->\n\t<\/header><!-- .entry-header -->\n\t<div class=\"entry-summary\">\n\t\t\t<\/div><!-- .entry-summary -->\n\t<footer class=\"entry-footer\">\n\t\t\t<div class=\"entry-actions\">\n\t\t\t<p class=\"more-link-wrap\">\n\t\t\t\t<a href=\"https:\/\/apgaz.pl\/es\/elementor-1786\/\" class=\"post-more-link\">\n\t\t\t\t\tLeer m\u00e1s<span class=\"screen-reader-text\"> Wygrzewanie i suszenie beton\u00f3w<\/span><span class=\"kadence-svg-iconset svg-baseline\"><svg aria-hidden=\"true\" class=\"kadence-svg-icon kadence-arrow-right-alt-svg\" fill=\"currentColor\" version=\"1.1\" xmlns=\"http:\/\/www.w3.org\/2000\/svg\" width=\"27\" height=\"28\" viewBox=\"0 0 27 28\"><title>Continuar<\/title><path d=\"M27 13.953c0 0.141-0.063 0.281-0.156 0.375l-6 5.531c-0.156 0.141-0.359 0.172-0.547 0.094-0.172-0.078-0.297-0.25-0.297-0.453v-3.5h-19.5c-0.281 0-0.5-0.219-0.5-0.5v-3c0-0.281 0.219-0.5 0.5-0.5h19.5v-3.5c0-0.203 0.109-0.375 0.297-0.453s0.391-0.047 0.547 0.078l6 5.469c0.094 0.094 0.156 0.219 0.156 0.359v0z\"><\/path>\n\t\t\t<\/svg><\/span>\t\t\t\t<\/a>\n\t\t\t<\/p>\n\t\t<\/div><!-- .entry-actions -->\n\t\t<\/footer><!-- .entry-footer -->\t\t<\/div>\n\t<\/article>\n<\/li>\n<li class=\"kb-post-list-item\">\n\t<article class=\"entry content-bg loop-entry post-1743 post type-post status-publish format-standard hentry category-informacje-o-palnikach\">\n\t\t\t\t<div class=\"entry-content-wrap\">\n\t\t\t<header class=\"entry-header\">\n\t\t<div class=\"entry-taxonomies\">\n\t\t<span class=\"category-links term-links category-style-pill\">\n\t\t\t<a href=\"https:\/\/apgaz.pl\/es\/category\/informacje-o-palnikach\/\" class=\"category-link-informacje-o-palnikach\" rel=\"tag\">Informacje o palnikach<\/a>\t\t<\/span>\n\t<\/div><!-- .entry-taxonomies -->\n\t<h2 class=\"entry-title\"><a href=\"https:\/\/apgaz.pl\/es\/bezpieczenstwo\/\" rel=\"bookmark\">Bezpiecze\u0144stwo palnik\u00f3w gazowych<\/a><\/h2>\t<div class=\"entry-meta entry-meta-divider-dot\">\n\t\t\t\t<span class=\"posted-on\">\n\t\t\t\t<time class=\"entry-date published\" datetime=\"2024-09-20T14:54:50+02:00\">20\/09\/2024<\/time><time class=\"updated\" datetime=\"2024-09-20T14:59:23+02:00\">20\/09\/2024<\/time>\t\t\t<\/span>\n\t\t\t\t<\/div><!-- .entry-meta -->\n\t<\/header><!-- .entry-header -->\n\t<div class=\"entry-summary\">\n\t\t<p>Wszystkie urz\u0105dzenia palnikowe AP-GAZ s\u0105 zaprojektowane by spe\u0142nia\u0142y za\u0142o\u017cenia przedstawionej normy. Palniki posiadaj\u0105 automatyczny zap\u0142on i kontrole p\u0142omienia. Prawne aspekty bezpiecze\u0144stwo&#8230;<\/p>\n\t<\/div><!-- .entry-summary -->\n\t<footer class=\"entry-footer\">\n\t\t\t<div class=\"entry-actions\">\n\t\t\t<p class=\"more-link-wrap\">\n\t\t\t\t<a href=\"https:\/\/apgaz.pl\/es\/bezpieczenstwo\/\" class=\"post-more-link\">\n\t\t\t\t\tLeer m\u00e1s<span class=\"screen-reader-text\"> Bezpiecze\u0144stwo palnik\u00f3w gazowych<\/span><span class=\"kadence-svg-iconset svg-baseline\"><svg aria-hidden=\"true\" class=\"kadence-svg-icon kadence-arrow-right-alt-svg\" fill=\"currentColor\" version=\"1.1\" xmlns=\"http:\/\/www.w3.org\/2000\/svg\" width=\"27\" height=\"28\" viewBox=\"0 0 27 28\"><title>Continuar<\/title><path d=\"M27 13.953c0 0.141-0.063 0.281-0.156 0.375l-6 5.531c-0.156 0.141-0.359 0.172-0.547 0.094-0.172-0.078-0.297-0.25-0.297-0.453v-3.5h-19.5c-0.281 0-0.5-0.219-0.5-0.5v-3c0-0.281 0.219-0.5 0.5-0.5h19.5v-3.5c0-0.203 0.109-0.375 0.297-0.453s0.391-0.047 0.547 0.078l6 5.469c0.094 0.094 0.156 0.219 0.156 0.359v0z\"><\/path>\n\t\t\t<\/svg><\/span>\t\t\t\t<\/a>\n\t\t\t<\/p>\n\t\t<\/div><!-- .entry-actions -->\n\t\t<\/footer><!-- .entry-footer -->\t\t<\/div>\n\t<\/article>\n<\/li>\n<\/ul>\n\n\n<p><\/p>\n","protected":false},"excerpt":{"rendered":"","protected":false},"author":1,"featured_media":0,"parent":0,"menu_order":0,"comment_status":"closed","ping_status":"closed","template":"","meta":{"_kadence_starter_templates_imported_post":false,"_kad_post_transparent":"","_kad_post_title":"hide","_kad_post_layout":"right","_kad_post_sidebar_id":"sidebar-secondary","_kad_post_content_style":"unboxed","_kad_post_vertical_padding":"hide","_kad_post_feature":"hide","_kad_post_feature_position":"","_kad_post_header":false,"_kad_post_footer":false,"footnotes":""},"class_list":["post-1582","page","type-page","status-publish","hentry"],"jetpack_shortlink":"https:\/\/wp.me\/Pg0HHr-pw","jetpack-related-posts":[],"jetpack_sharing_enabled":true,"_links":{"self":[{"href":"https:\/\/apgaz.pl\/es\/wp-json\/wp\/v2\/pages\/1582","targetHints":{"allow":["GET"]}}],"collection":[{"href":"https:\/\/apgaz.pl\/es\/wp-json\/wp\/v2\/pages"}],"about":[{"href":"https:\/\/apgaz.pl\/es\/wp-json\/wp\/v2\/types\/page"}],"author":[{"embeddable":true,"href":"https:\/\/apgaz.pl\/es\/wp-json\/wp\/v2\/users\/1"}],"replies":[{"embeddable":true,"href":"https:\/\/apgaz.pl\/es\/wp-json\/wp\/v2\/comments?post=1582"}],"version-history":[{"count":6,"href":"https:\/\/apgaz.pl\/es\/wp-json\/wp\/v2\/pages\/1582\/revisions"}],"predecessor-version":[{"id":1651,"href":"https:\/\/apgaz.pl\/es\/wp-json\/wp\/v2\/pages\/1582\/revisions\/1651"}],"wp:attachment":[{"href":"https:\/\/apgaz.pl\/es\/wp-json\/wp\/v2\/media?parent=1582"}],"curies":[{"name":"wp","href":"https:\/\/api.w.org\/{rel}","templated":true}]}}