{"id":1637,"date":"2024-08-23T10:40:31","date_gmt":"2024-08-23T08:40:31","guid":{"rendered":"http:\/\/apgaz2.aircycle.pl\/?post_type=product&#038;p=1637"},"modified":"2024-08-23T12:16:00","modified_gmt":"2024-08-23T10:16:00","slug":"spawanie-tig","status":"publish","type":"product","link":"https:\/\/apgaz.pl\/en\/oferta\/spawanie-tig\/","title":{"rendered":"Spawanie TIG"},"content":{"rendered":"<p>Spawanie us\u0142ugowe TIG stali, stali nierdzewnych, stop\u00f3w \u017caroodpornych i \u017carowytrzyma\u0142ych<\/p>\n","protected":false},"excerpt":{"rendered":"<p>Spawanie us\u0142ugowe TIG stali, stali nierdzewnych, stop\u00f3w \u017caroodpornych i \u017carowytrzyma\u0142ych<\/p>\n","protected":false},"featured_media":0,"template":"","meta":{"_kadence_starter_templates_imported_post":false,"_kad_post_transparent":"default","_kad_post_title":"","_kad_post_layout":"default","_kad_post_sidebar_id":"","_kad_post_content_style":"default","_kad_post_vertical_padding":"default","_kad_post_feature":"","_kad_post_feature_position":"","_kad_post_header":false,"_kad_post_footer":false},"product_brand":[],"product_cat":[30],"product_tag":[],"class_list":{"0":"post-1637","1":"product","2":"type-product","3":"status-publish","5":"product_cat-schweisen","7":"first","8":"instock","9":"virtual","10":"purchasable","11":"product-type-simple","12":"entry","13":"content-bg","14":"loop-entry"},"jetpack-related-posts":[],"jetpack_sharing_enabled":true,"_links":{"self":[{"href":"https:\/\/apgaz.pl\/en\/wp-json\/wp\/v2\/product\/1637","targetHints":{"allow":["GET"]}}],"collection":[{"href":"https:\/\/apgaz.pl\/en\/wp-json\/wp\/v2\/product"}],"about":[{"href":"https:\/\/apgaz.pl\/en\/wp-json\/wp\/v2\/types\/product"}],"wp:attachment":[{"href":"https:\/\/apgaz.pl\/en\/wp-json\/wp\/v2\/media?parent=1637"}],"wp:term":[{"taxonomy":"product_brand","embeddable":true,"href":"https:\/\/apgaz.pl\/en\/wp-json\/wp\/v2\/product_brand?post=1637"},{"taxonomy":"product_cat","embeddable":true,"href":"https:\/\/apgaz.pl\/en\/wp-json\/wp\/v2\/product_cat?post=1637"},{"taxonomy":"product_tag","embeddable":true,"href":"https:\/\/apgaz.pl\/en\/wp-json\/wp\/v2\/product_tag?post=1637"}],"curies":[{"name":"wp","href":"https:\/\/api.w.org\/{rel}","templated":true}]}}