{"id":1710,"date":"2024-09-04T10:20:25","date_gmt":"2024-09-04T08:20:25","guid":{"rendered":"https:\/\/apgaz.pl\/?post_type=product&#038;p=1710"},"modified":"2024-09-04T10:39:23","modified_gmt":"2024-09-04T08:39:23","slug":"palniki-gazowo-tlenowe","status":"publish","type":"product","link":"https:\/\/apgaz.pl\/de\/oferta\/palniki-gazowo-tlenowe\/","title":{"rendered":"Palniki gazowo powietrzne ze wspomaganiem tlenowym"},"content":{"rendered":"<p>Palnik do dmuchania na powierzchnie ciek\u0142ego \u017cu\u017cla, metalu.<\/p>\n<p>Wspomaganie tlenem w\u0142\u0105czane dla osi\u0105gniecia wi\u0119kszej temperatury p\u0142omienia.<\/p>\n<p>&nbsp;<\/p>\n","protected":false},"excerpt":{"rendered":"<p>Palnik do dmuchania na powierzchnie ciek\u0142ego \u017cu\u017cla, metalu. Wspomaganie tlenem w\u0142\u0105czane dla osi\u0105gniecia wi\u0119kszej temperatury p\u0142omienia. &nbsp;<\/p>\n","protected":false},"featured_media":0,"template":"","meta":{"_kadence_starter_templates_imported_post":false,"_kad_post_transparent":"default","_kad_post_title":"","_kad_post_layout":"default","_kad_post_sidebar_id":"","_kad_post_content_style":"default","_kad_post_vertical_padding":"default","_kad_post_feature":"","_kad_post_feature_position":"","_kad_post_header":false,"_kad_post_footer":false},"product_brand":[],"product_cat":[23,58,59],"product_tag":[],"class_list":{"0":"post-1710","1":"product","2":"type-product","3":"status-publish","5":"product_cat-przemyslowe_palniki_gazowe","6":"product_cat-palniki_dla_odlewni","7":"product_cat-paliwa-specjalne","9":"first","10":"instock","11":"virtual","12":"purchasable","13":"product-type-simple","14":"entry","15":"content-bg","16":"loop-entry"},"jetpack-related-posts":[],"jetpack_sharing_enabled":true,"_links":{"self":[{"href":"https:\/\/apgaz.pl\/de\/wp-json\/wp\/v2\/product\/1710","targetHints":{"allow":["GET"]}}],"collection":[{"href":"https:\/\/apgaz.pl\/de\/wp-json\/wp\/v2\/product"}],"about":[{"href":"https:\/\/apgaz.pl\/de\/wp-json\/wp\/v2\/types\/product"}],"wp:attachment":[{"href":"https:\/\/apgaz.pl\/de\/wp-json\/wp\/v2\/media?parent=1710"}],"wp:term":[{"taxonomy":"product_brand","embeddable":true,"href":"https:\/\/apgaz.pl\/de\/wp-json\/wp\/v2\/product_brand?post=1710"},{"taxonomy":"product_cat","embeddable":true,"href":"https:\/\/apgaz.pl\/de\/wp-json\/wp\/v2\/product_cat?post=1710"},{"taxonomy":"product_tag","embeddable":true,"href":"https:\/\/apgaz.pl\/de\/wp-json\/wp\/v2\/product_tag?post=1710"}],"curies":[{"name":"wp","href":"https:\/\/api.w.org\/{rel}","templated":true}]}}